{"id":302,"date":"2025-08-27T14:54:38","date_gmt":"2025-08-27T14:54:38","guid":{"rendered":"https:\/\/angelus-silesius.jakubchrobot.pl\/?page_id=302"},"modified":"2025-08-27T14:58:13","modified_gmt":"2025-08-27T14:58:13","slug":"scena","status":"publish","type":"page","link":"https:\/\/angelus-silesius.jakubchrobot.pl\/en\/scena\/","title":{"rendered":"SCENE"},"content":{"rendered":"<div data-elementor-type=\"wp-page\" data-elementor-id=\"302\" class=\"elementor elementor-302\" data-elementor-post-type=\"page\">\n\t\t\t\t<div class=\"elementor-element elementor-element-537914d e-flex e-con-boxed e-con e-parent\" data-id=\"537914d\" data-element_type=\"container\">\n\t\t\t\t\t<div class=\"e-con-inner\">\n\t\t\t\t<div class=\"elementor-element elementor-element-dce43a1 elementor-widget elementor-widget-gallery\" data-id=\"dce43a1\" data-element_type=\"widget\" data-settings=\"{&quot;gallery_layout&quot;:&quot;masonry&quot;,&quot;lazyload&quot;:&quot;yes&quot;,&quot;columns&quot;:4,&quot;columns_tablet&quot;:2,&quot;columns_mobile&quot;:1,&quot;gap&quot;:{&quot;unit&quot;:&quot;px&quot;,&quot;size&quot;:10,&quot;sizes&quot;:[]},&quot;gap_tablet&quot;:{&quot;unit&quot;:&quot;px&quot;,&quot;size&quot;:10,&quot;sizes&quot;:[]},&quot;gap_mobile&quot;:{&quot;unit&quot;:&quot;px&quot;,&quot;size&quot;:10,&quot;sizes&quot;:[]},&quot;link_to&quot;:&quot;file&quot;,&quot;content_hover_animation&quot;:&quot;fade-in&quot;}\" data-widget_type=\"gallery.default\">\n\t\t\t\t\t\t\t<div class=\"elementor-gallery__container\">\n\t\t\t\t\t\t\t<a class=\"e-gallery-item elementor-gallery-item elementor-animated-content\" href=\"https:\/\/angelus-silesius.jakubchrobot.pl\/wp-content\/uploads\/2025\/08\/A-MIDSUMMERS-NIGHT-DREAM-Theater-Heilbronn-dir.-Lech-Majewski-1-\u00a9-Angelus-Silesius.jpg\" data-elementor-open-lightbox=\"yes\" data-elementor-lightbox-slideshow=\"dce43a1\" data-elementor-lightbox-title=\"A MIDSUMMER&#039;S NIGHT DREAM Theater Heilbronn dir. Lech Majewski (1) \u00a9 Angelus Silesius\" data-e-action-hash=\"#elementor-action%3Aaction%3Dlightbox%26settings%3DeyJpZCI6MzE4LCJ1cmwiOiJodHRwczpcL1wvYW5nZWx1cy1zaWxlc2l1cy5qYWt1YmNocm9ib3QucGxcL3dwLWNvbnRlbnRcL3VwbG9hZHNcLzIwMjVcLzA4XC9BLU1JRFNVTU1FUlMtTklHSFQtRFJFQU0tVGhlYXRlci1IZWlsYnJvbm4tZGlyLi1MZWNoLU1hamV3c2tpLTEtXHUwMGE5LUFuZ2VsdXMtU2lsZXNpdXMuanBnIiwic2xpZGVzaG93IjoiZGNlNDNhMSJ9\">\n\t\t\t\t\t<div class=\"e-gallery-image elementor-gallery-item__image\" data-thumbnail=\"https:\/\/angelus-silesius.jakubchrobot.pl\/wp-content\/uploads\/2025\/08\/A-MIDSUMMERS-NIGHT-DREAM-Theater-Heilbronn-dir.-Lech-Majewski-1-\u00a9-Angelus-Silesius.jpg\" data-width=\"1346\" data-height=\"2041\" aria-label=\"\" role=\"img\" ><\/div>\n\t\t\t\t\t\t\t\t\t\t\t\t\t\t<\/a>\n\t\t\t\t\t\t\t<a class=\"e-gallery-item elementor-gallery-item elementor-animated-content\" href=\"https:\/\/angelus-silesius.jakubchrobot.pl\/wp-content\/uploads\/2025\/08\/A-MIDSUMMERS-NIGHT-DREAM-Theater-Heilbronn-dir.-Lech-Majewski-2-\u00a9-Angelus-Silesius.jpg\" data-elementor-open-lightbox=\"yes\" data-elementor-lightbox-slideshow=\"dce43a1\" data-elementor-lightbox-title=\"A MIDSUMMER&#039;S NIGHT DREAM Theater Heilbronn dir. Lech Majewski (2) \u00a9 Angelus Silesius\" data-e-action-hash=\"#elementor-action%3Aaction%3Dlightbox%26settings%3DeyJpZCI6MzE5LCJ1cmwiOiJodHRwczpcL1wvYW5nZWx1cy1zaWxlc2l1cy5qYWt1YmNocm9ib3QucGxcL3dwLWNvbnRlbnRcL3VwbG9hZHNcLzIwMjVcLzA4XC9BLU1JRFNVTU1FUlMtTklHSFQtRFJFQU0tVGhlYXRlci1IZWlsYnJvbm4tZGlyLi1MZWNoLU1hamV3c2tpLTItXHUwMGE5LUFuZ2VsdXMtU2lsZXNpdXMuanBnIiwic2xpZGVzaG93IjoiZGNlNDNhMSJ9\">\n\t\t\t\t\t<div class=\"e-gallery-image elementor-gallery-item__image\" data-thumbnail=\"https:\/\/angelus-silesius.jakubchrobot.pl\/wp-content\/uploads\/2025\/08\/A-MIDSUMMERS-NIGHT-DREAM-Theater-Heilbronn-dir.-Lech-Majewski-2-\u00a9-Angelus-Silesius.jpg\" data-width=\"1191\" data-height=\"850\" aria-label=\"\" role=\"img\" ><\/div>\n\t\t\t\t\t\t\t\t\t\t\t\t\t\t<\/a>\n\t\t\t\t\t\t\t<a class=\"e-gallery-item elementor-gallery-item elementor-animated-content\" href=\"https:\/\/angelus-silesius.jakubchrobot.pl\/wp-content\/uploads\/2025\/08\/ODYSSEY-dir.-Lech-Majewski-1-\u00a9-Angelus-Silesius.jpg\" data-elementor-open-lightbox=\"yes\" data-elementor-lightbox-slideshow=\"dce43a1\" data-elementor-lightbox-title=\"ODYSSEY dir. Lech Majewski (1) \u00a9 Angelus Silesius\" data-e-action-hash=\"#elementor-action%3Aaction%3Dlightbox%26settings%3DeyJpZCI6MzIwLCJ1cmwiOiJodHRwczpcL1wvYW5nZWx1cy1zaWxlc2l1cy5qYWt1YmNocm9ib3QucGxcL3dwLWNvbnRlbnRcL3VwbG9hZHNcLzIwMjVcLzA4XC9PRFlTU0VZLWRpci4tTGVjaC1NYWpld3NraS0xLVx1MDBhOS1BbmdlbHVzLVNpbGVzaXVzLmpwZyIsInNsaWRlc2hvdyI6ImRjZTQzYTEifQ%3D%3D\">\n\t\t\t\t\t<div class=\"e-gallery-image elementor-gallery-item__image\" data-thumbnail=\"https:\/\/angelus-silesius.jakubchrobot.pl\/wp-content\/uploads\/2025\/08\/ODYSSEY-dir.-Lech-Majewski-1-\u00a9-Angelus-Silesius.jpg\" data-width=\"2478\" data-height=\"1779\" aria-label=\"\" role=\"img\" ><\/div>\n\t\t\t\t\t\t\t\t\t\t\t\t\t\t<\/a>\n\t\t\t\t\t\t\t<a class=\"e-gallery-item elementor-gallery-item elementor-animated-content\" href=\"https:\/\/angelus-silesius.jakubchrobot.pl\/wp-content\/uploads\/2025\/08\/THE-BLACK-RIDER-Theater-Heilbronn-dir.-Lech-Majewski-1-\u00a9-Angelus-Silesius.jpg\" data-elementor-open-lightbox=\"yes\" data-elementor-lightbox-slideshow=\"dce43a1\" data-elementor-lightbox-title=\"THE BLACK RIDER Theater Heilbronn dir. Lech Majewski (1) \u00a9 Angelus Silesius\" data-e-action-hash=\"#elementor-action%3Aaction%3Dlightbox%26settings%3DeyJpZCI6MzIxLCJ1cmwiOiJodHRwczpcL1wvYW5nZWx1cy1zaWxlc2l1cy5qYWt1YmNocm9ib3QucGxcL3dwLWNvbnRlbnRcL3VwbG9hZHNcLzIwMjVcLzA4XC9USEUtQkxBQ0stUklERVItVGhlYXRlci1IZWlsYnJvbm4tZGlyLi1MZWNoLU1hamV3c2tpLTEtXHUwMGE5LUFuZ2VsdXMtU2lsZXNpdXMuanBnIiwic2xpZGVzaG93IjoiZGNlNDNhMSJ9\">\n\t\t\t\t\t<div class=\"e-gallery-image elementor-gallery-item__image\" data-thumbnail=\"https:\/\/angelus-silesius.jakubchrobot.pl\/wp-content\/uploads\/2025\/08\/THE-BLACK-RIDER-Theater-Heilbronn-dir.-Lech-Majewski-1-\u00a9-Angelus-Silesius.jpg\" data-width=\"2453\" data-height=\"1739\" aria-label=\"\" role=\"img\" ><\/div>\n\t\t\t\t\t\t\t\t\t\t\t\t\t\t<\/a>\n\t\t\t\t\t\t\t<a class=\"e-gallery-item elementor-gallery-item elementor-animated-content\" href=\"https:\/\/angelus-silesius.jakubchrobot.pl\/wp-content\/uploads\/2025\/08\/THE-BLACK-RIDER-Theater-Heilbronn-dir.-Lech-Majewski-2-\u00a9-Angelus-Silesius.jpg\" data-elementor-open-lightbox=\"yes\" data-elementor-lightbox-slideshow=\"dce43a1\" data-elementor-lightbox-title=\"THE BLACK RIDER Theater Heilbronn dir. Lech Majewski (2) \u00a9 Angelus Silesius\" data-e-action-hash=\"#elementor-action%3Aaction%3Dlightbox%26settings%3DeyJpZCI6MzIyLCJ1cmwiOiJodHRwczpcL1wvYW5nZWx1cy1zaWxlc2l1cy5qYWt1YmNocm9ib3QucGxcL3dwLWNvbnRlbnRcL3VwbG9hZHNcLzIwMjVcLzA4XC9USEUtQkxBQ0stUklERVItVGhlYXRlci1IZWlsYnJvbm4tZGlyLi1MZWNoLU1hamV3c2tpLTItXHUwMGE5LUFuZ2VsdXMtU2lsZXNpdXMuanBnIiwic2xpZGVzaG93IjoiZGNlNDNhMSJ9\">\n\t\t\t\t\t<div class=\"e-gallery-image elementor-gallery-item__image\" data-thumbnail=\"https:\/\/angelus-silesius.jakubchrobot.pl\/wp-content\/uploads\/2025\/08\/THE-BLACK-RIDER-Theater-Heilbronn-dir.-Lech-Majewski-2-\u00a9-Angelus-Silesius.jpg\" data-width=\"1743\" data-height=\"2470\" aria-label=\"\" role=\"img\" ><\/div>\n\t\t\t\t\t\t\t\t\t\t\t\t\t\t<\/a>\n\t\t\t\t\t\t\t<a class=\"e-gallery-item elementor-gallery-item elementor-animated-content\" href=\"https:\/\/angelus-silesius.jakubchrobot.pl\/wp-content\/uploads\/2025\/08\/THE-BLACK-RIDER-Theater-Heilbronn-dir.-Lech-Majewski-3-\u00a9-Angelus-Silesius.jpg\" data-elementor-open-lightbox=\"yes\" data-elementor-lightbox-slideshow=\"dce43a1\" data-elementor-lightbox-title=\"THE BLACK RIDER Theater Heilbronn dir. Lech Majewski (3) \u00a9 Angelus Silesius\" data-e-action-hash=\"#elementor-action%3Aaction%3Dlightbox%26settings%3DeyJpZCI6MzIzLCJ1cmwiOiJodHRwczpcL1wvYW5nZWx1cy1zaWxlc2l1cy5qYWt1YmNocm9ib3QucGxcL3dwLWNvbnRlbnRcL3VwbG9hZHNcLzIwMjVcLzA4XC9USEUtQkxBQ0stUklERVItVGhlYXRlci1IZWlsYnJvbm4tZGlyLi1MZWNoLU1hamV3c2tpLTMtXHUwMGE5LUFuZ2VsdXMtU2lsZXNpdXMuanBnIiwic2xpZGVzaG93IjoiZGNlNDNhMSJ9\">\n\t\t\t\t\t<div class=\"e-gallery-image elementor-gallery-item__image\" data-thumbnail=\"https:\/\/angelus-silesius.jakubchrobot.pl\/wp-content\/uploads\/2025\/08\/THE-BLACK-RIDER-Theater-Heilbronn-dir.-Lech-Majewski-3-\u00a9-Angelus-Silesius.jpg\" data-width=\"2446\" data-height=\"1750\" aria-label=\"\" role=\"img\" ><\/div>\n\t\t\t\t\t\t\t\t\t\t\t\t\t\t<\/a>\n\t\t\t\t\t\t\t<a class=\"e-gallery-item elementor-gallery-item elementor-animated-content\" href=\"https:\/\/angelus-silesius.jakubchrobot.pl\/wp-content\/uploads\/2025\/08\/THE-BLACK-RIDER-Theater-Heilbronn-dir.-Lech-Majewski-4-\u00a9-Angelus-Silesius.jpg\" data-elementor-open-lightbox=\"yes\" data-elementor-lightbox-slideshow=\"dce43a1\" data-elementor-lightbox-title=\"THE BLACK RIDER Theater Heilbronn dir. Lech Majewski (4) \u00a9 Angelus Silesius\" data-e-action-hash=\"#elementor-action%3Aaction%3Dlightbox%26settings%3DeyJpZCI6MzI0LCJ1cmwiOiJodHRwczpcL1wvYW5nZWx1cy1zaWxlc2l1cy5qYWt1YmNocm9ib3QucGxcL3dwLWNvbnRlbnRcL3VwbG9hZHNcLzIwMjVcLzA4XC9USEUtQkxBQ0stUklERVItVGhlYXRlci1IZWlsYnJvbm4tZGlyLi1MZWNoLU1hamV3c2tpLTQtXHUwMGE5LUFuZ2VsdXMtU2lsZXNpdXMuanBnIiwic2xpZGVzaG93IjoiZGNlNDNhMSJ9\">\n\t\t\t\t\t<div class=\"e-gallery-image elementor-gallery-item__image\" data-thumbnail=\"https:\/\/angelus-silesius.jakubchrobot.pl\/wp-content\/uploads\/2025\/08\/THE-BLACK-RIDER-Theater-Heilbronn-dir.-Lech-Majewski-4-\u00a9-Angelus-Silesius.jpg\" data-width=\"2455\" data-height=\"1753\" aria-label=\"\" role=\"img\" ><\/div>\n\t\t\t\t\t\t\t\t\t\t\t\t\t\t<\/a>\n\t\t\t\t\t\t\t<a class=\"e-gallery-item elementor-gallery-item elementor-animated-content\" href=\"https:\/\/angelus-silesius.jakubchrobot.pl\/wp-content\/uploads\/2025\/08\/THE-THREEPENNY-OPERA-Theater-Heilbronn-dir.-Lech-Majewski-1-\u00a9-Angelus-Silesius.jpg\" data-elementor-open-lightbox=\"yes\" data-elementor-lightbox-slideshow=\"dce43a1\" data-elementor-lightbox-title=\"THE THREEPENNY OPERA Theater Heilbronn dir. Lech Majewski (1) \u00a9 Angelus Silesius\" data-e-action-hash=\"#elementor-action%3Aaction%3Dlightbox%26settings%3DeyJpZCI6MzI1LCJ1cmwiOiJodHRwczpcL1wvYW5nZWx1cy1zaWxlc2l1cy5qYWt1YmNocm9ib3QucGxcL3dwLWNvbnRlbnRcL3VwbG9hZHNcLzIwMjVcLzA4XC9USEUtVEhSRUVQRU5OWS1PUEVSQS1UaGVhdGVyLUhlaWxicm9ubi1kaXIuLUxlY2gtTWFqZXdza2ktMS1cdTAwYTktQW5nZWx1cy1TaWxlc2l1cy5qcGciLCJzbGlkZXNob3ciOiJkY2U0M2ExIn0%3D\">\n\t\t\t\t\t<div class=\"e-gallery-image elementor-gallery-item__image\" data-thumbnail=\"https:\/\/angelus-silesius.jakubchrobot.pl\/wp-content\/uploads\/2025\/08\/THE-THREEPENNY-OPERA-Theater-Heilbronn-dir.-Lech-Majewski-1-\u00a9-Angelus-Silesius.jpg\" data-width=\"742\" data-height=\"1039\" aria-label=\"\" role=\"img\" ><\/div>\n\t\t\t\t\t\t\t\t\t\t\t\t\t\t<\/a>\n\t\t\t\t\t\t\t<a class=\"e-gallery-item elementor-gallery-item elementor-animated-content\" href=\"https:\/\/angelus-silesius.jakubchrobot.pl\/wp-content\/uploads\/2025\/08\/THE-THREEPENNY-OPERA-Theater-Heilbronn-dir.-Lech-Majewski-2-\u00a9-Angelus-Silesius.jpg\" data-elementor-open-lightbox=\"yes\" data-elementor-lightbox-slideshow=\"dce43a1\" data-elementor-lightbox-title=\"THE THREEPENNY OPERA Theater Heilbronn dir. Lech Majewski (2) \u00a9 Angelus Silesius\" data-e-action-hash=\"#elementor-action%3Aaction%3Dlightbox%26settings%3DeyJpZCI6MzI2LCJ1cmwiOiJodHRwczpcL1wvYW5nZWx1cy1zaWxlc2l1cy5qYWt1YmNocm9ib3QucGxcL3dwLWNvbnRlbnRcL3VwbG9hZHNcLzIwMjVcLzA4XC9USEUtVEhSRUVQRU5OWS1PUEVSQS1UaGVhdGVyLUhlaWxicm9ubi1kaXIuLUxlY2gtTWFqZXdza2ktMi1cdTAwYTktQW5nZWx1cy1TaWxlc2l1cy5qcGciLCJzbGlkZXNob3ciOiJkY2U0M2ExIn0%3D\">\n\t\t\t\t\t<div class=\"e-gallery-image elementor-gallery-item__image\" data-thumbnail=\"https:\/\/angelus-silesius.jakubchrobot.pl\/wp-content\/uploads\/2025\/08\/THE-THREEPENNY-OPERA-Theater-Heilbronn-dir.-Lech-Majewski-2-\u00a9-Angelus-Silesius.jpg\" data-width=\"1036\" data-height=\"728\" aria-label=\"\" role=\"img\" ><\/div>\n\t\t\t\t\t\t\t\t\t\t\t\t\t\t<\/a>\n\t\t\t\t\t\t\t<a class=\"e-gallery-item elementor-gallery-item elementor-animated-content\" href=\"https:\/\/angelus-silesius.jakubchrobot.pl\/wp-content\/uploads\/2025\/08\/THE-THREEPENNY-OPERA-Theater-Heilbronn-dir.-Lech-Majewski-3-\u00a9-Angelus-Silesius.jpg\" data-elementor-open-lightbox=\"yes\" data-elementor-lightbox-slideshow=\"dce43a1\" data-elementor-lightbox-title=\"THE THREEPENNY OPERA Theater Heilbronn dir. Lech Majewski (3) \u00a9 Angelus Silesius\" data-e-action-hash=\"#elementor-action%3Aaction%3Dlightbox%26settings%3DeyJpZCI6MzI3LCJ1cmwiOiJodHRwczpcL1wvYW5nZWx1cy1zaWxlc2l1cy5qYWt1YmNocm9ib3QucGxcL3dwLWNvbnRlbnRcL3VwbG9hZHNcLzIwMjVcLzA4XC9USEUtVEhSRUVQRU5OWS1PUEVSQS1UaGVhdGVyLUhlaWxicm9ubi1kaXIuLUxlY2gtTWFqZXdza2ktMy1cdTAwYTktQW5nZWx1cy1TaWxlc2l1cy5qcGciLCJzbGlkZXNob3ciOiJkY2U0M2ExIn0%3D\">\n\t\t\t\t\t<div class=\"e-gallery-image elementor-gallery-item__image\" data-thumbnail=\"https:\/\/angelus-silesius.jakubchrobot.pl\/wp-content\/uploads\/2025\/08\/THE-THREEPENNY-OPERA-Theater-Heilbronn-dir.-Lech-Majewski-3-\u00a9-Angelus-Silesius.jpg\" data-width=\"742\" data-height=\"1039\" aria-label=\"\" role=\"img\" ><\/div>\n\t\t\t\t\t\t\t\t\t\t\t\t\t\t<\/a>\n\t\t\t\t\t\t\t<a class=\"e-gallery-item elementor-gallery-item elementor-animated-content\" href=\"https:\/\/angelus-silesius.jakubchrobot.pl\/wp-content\/uploads\/2025\/08\/UBU-REX-Grand-Opera-House-Lodz-dir.-Lech-Majewski-2-\u00a9-Angelus-Silesius-scaled.jpg\" data-elementor-open-lightbox=\"yes\" data-elementor-lightbox-slideshow=\"dce43a1\" data-elementor-lightbox-title=\"UBU REX Grand Opera House \u0141\u00f3d\u017a dir. Lech Majewski (2) \u00a9 Angelus Silesius\" data-e-action-hash=\"#elementor-action%3Aaction%3Dlightbox%26settings%3DeyJpZCI6MzI4LCJ1cmwiOiJodHRwczpcL1wvYW5nZWx1cy1zaWxlc2l1cy5qYWt1YmNocm9ib3QucGxcL3dwLWNvbnRlbnRcL3VwbG9hZHNcLzIwMjVcLzA4XC9VQlUtUkVYLUdyYW5kLU9wZXJhLUhvdXNlLUxvZHotZGlyLi1MZWNoLU1hamV3c2tpLTItXHUwMGE5LUFuZ2VsdXMtU2lsZXNpdXMtc2NhbGVkLmpwZyIsInNsaWRlc2hvdyI6ImRjZTQzYTEifQ%3D%3D\">\n\t\t\t\t\t<div class=\"e-gallery-image elementor-gallery-item__image\" data-thumbnail=\"https:\/\/angelus-silesius.jakubchrobot.pl\/wp-content\/uploads\/2025\/08\/UBU-REX-Grand-Opera-House-Lodz-dir.-Lech-Majewski-2-\u00a9-Angelus-Silesius-scaled.jpg\" data-width=\"1775\" data-height=\"2560\" aria-label=\"\" role=\"img\" ><\/div>\n\t\t\t\t\t\t\t\t\t\t\t\t\t\t<\/a>\n\t\t\t\t\t\t\t<a class=\"e-gallery-item elementor-gallery-item elementor-animated-content\" href=\"https:\/\/angelus-silesius.jakubchrobot.pl\/wp-content\/uploads\/2025\/08\/UBU-REX-Grand-Opera-House-Lodz-dir.-Lech-Majewski-3-\u00a9-Angelus-Silesius-scaled.jpg\" data-elementor-open-lightbox=\"yes\" data-elementor-lightbox-slideshow=\"dce43a1\" data-elementor-lightbox-title=\"UBU REX Grand Opera House \u0141\u00f3d\u017a dir. Lech Majewski (3) \u00a9 Angelus Silesius\" data-e-action-hash=\"#elementor-action%3Aaction%3Dlightbox%26settings%3DeyJpZCI6MzI5LCJ1cmwiOiJodHRwczpcL1wvYW5nZWx1cy1zaWxlc2l1cy5qYWt1YmNocm9ib3QucGxcL3dwLWNvbnRlbnRcL3VwbG9hZHNcLzIwMjVcLzA4XC9VQlUtUkVYLUdyYW5kLU9wZXJhLUhvdXNlLUxvZHotZGlyLi1MZWNoLU1hamV3c2tpLTMtXHUwMGE5LUFuZ2VsdXMtU2lsZXNpdXMtc2NhbGVkLmpwZyIsInNsaWRlc2hvdyI6ImRjZTQzYTEifQ%3D%3D\">\n\t\t\t\t\t<div class=\"e-gallery-image elementor-gallery-item__image\" data-thumbnail=\"https:\/\/angelus-silesius.jakubchrobot.pl\/wp-content\/uploads\/2025\/08\/UBU-REX-Grand-Opera-House-Lodz-dir.-Lech-Majewski-3-\u00a9-Angelus-Silesius-scaled.jpg\" data-width=\"1816\" data-height=\"2560\" aria-label=\"\" role=\"img\" ><\/div>\n\t\t\t\t\t\t\t\t\t\t\t\t\t\t<\/a>\n\t\t\t\t\t\t\t<a class=\"e-gallery-item elementor-gallery-item elementor-animated-content\" href=\"https:\/\/angelus-silesius.jakubchrobot.pl\/wp-content\/uploads\/2025\/08\/UBU-REX-Grand-Opera-House-Lodz-dir.-Lech-Majewski-4-\u00a9-Angelus-Silesius-scaled.jpg\" data-elementor-open-lightbox=\"yes\" data-elementor-lightbox-slideshow=\"dce43a1\" data-elementor-lightbox-title=\"UBU REX Grand Opera House \u0141\u00f3d\u017a dir. Lech Majewski (4) \u00a9 Angelus Silesius\" data-e-action-hash=\"#elementor-action%3Aaction%3Dlightbox%26settings%3DeyJpZCI6MzMwLCJ1cmwiOiJodHRwczpcL1wvYW5nZWx1cy1zaWxlc2l1cy5qYWt1YmNocm9ib3QucGxcL3dwLWNvbnRlbnRcL3VwbG9hZHNcLzIwMjVcLzA4XC9VQlUtUkVYLUdyYW5kLU9wZXJhLUhvdXNlLUxvZHotZGlyLi1MZWNoLU1hamV3c2tpLTQtXHUwMGE5LUFuZ2VsdXMtU2lsZXNpdXMtc2NhbGVkLmpwZyIsInNsaWRlc2hvdyI6ImRjZTQzYTEifQ%3D%3D\">\n\t\t\t\t\t<div class=\"e-gallery-image elementor-gallery-item__image\" data-thumbnail=\"https:\/\/angelus-silesius.jakubchrobot.pl\/wp-content\/uploads\/2025\/08\/UBU-REX-Grand-Opera-House-Lodz-dir.-Lech-Majewski-4-\u00a9-Angelus-Silesius-scaled.jpg\" data-width=\"1735\" data-height=\"2560\" aria-label=\"\" role=\"img\" ><\/div>\n\t\t\t\t\t\t\t\t\t\t\t\t\t\t<\/a>\n\t\t\t\t\t<\/div>\n\t\t\t\t\t<\/div>\n\t\t\t\t\t<\/div>\n\t\t\t\t<\/div>\n\t\t\t\t<\/div>","protected":false},"excerpt":{"rendered":"","protected":false},"author":1,"featured_media":0,"parent":0,"menu_order":0,"comment_status":"closed","ping_status":"closed","template":"","meta":{"footnotes":""},"class_list":["post-302","page","type-page","status-publish","hentry"],"_links":{"self":[{"href":"https:\/\/angelus-silesius.jakubchrobot.pl\/en\/wp-json\/wp\/v2\/pages\/302","targetHints":{"allow":["GET"]}}],"collection":[{"href":"https:\/\/angelus-silesius.jakubchrobot.pl\/en\/wp-json\/wp\/v2\/pages"}],"about":[{"href":"https:\/\/angelus-silesius.jakubchrobot.pl\/en\/wp-json\/wp\/v2\/types\/page"}],"author":[{"embeddable":true,"href":"https:\/\/angelus-silesius.jakubchrobot.pl\/en\/wp-json\/wp\/v2\/users\/1"}],"replies":[{"embeddable":true,"href":"https:\/\/angelus-silesius.jakubchrobot.pl\/en\/wp-json\/wp\/v2\/comments?post=302"}],"version-history":[{"count":4,"href":"https:\/\/angelus-silesius.jakubchrobot.pl\/en\/wp-json\/wp\/v2\/pages\/302\/revisions"}],"predecessor-version":[{"id":333,"href":"https:\/\/angelus-silesius.jakubchrobot.pl\/en\/wp-json\/wp\/v2\/pages\/302\/revisions\/333"}],"wp:attachment":[{"href":"https:\/\/angelus-silesius.jakubchrobot.pl\/en\/wp-json\/wp\/v2\/media?parent=302"}],"curies":[{"name":"wp","href":"https:\/\/api.w.org\/{rel}","templated":true}]}}